{"id":3904,"date":"2012-02-14T18:47:00","date_gmt":"2012-02-14T16:47:00","guid":{"rendered":"http:\/\/www.malerdeck.de\/blog\/?page_id=3904"},"modified":"2015-02-19T08:48:02","modified_gmt":"2015-02-19T06:48:02","slug":"freundlich-puenktlich-hoeflich-sauber","status":"publish","type":"page","link":"https:\/\/www.malerdeck.de\/blog\/freundlich-puenktlich-hoeflich-sauber","title":{"rendered":"Freundlich, p\u00fcnktlich"},"content":{"rendered":"<h2 style=\"text-align: center;\">Freundlich, p\u00fcnktlich, h\u00f6flich, sauber, zuverl\u00e4ssig<\/h2>\n<h3 style=\"text-align: center;\">Haben Sie schon einmal von einem Maler getr\u00e4umt?<\/h3>\n<p style=\"text-align: justify;\">malerdeck ist <em><strong>DER<\/strong><\/em> Privatmaler und spezialisiert auf Renovierungen.<\/p>\n<p style=\"text-align: justify;\">Wir arbeiten ausschlie\u00dflich f\u00fcr Privatkunden in bewohnten Wohnungen und H\u00e4usern. Die H\u00f6flichkeit unserer Mitarbeiter und der sorgsame und pflegliche Umgang mit Ihrem Eigentum ist sprichw\u00f6rtlich. P\u00fcnktliche Maler- und Bodenbelagsarbeiten.<\/p>\n<p style=\"text-align: justify;\">Best\u00e4tigt durch hunderte Referenzen zufriedener Kunden. <a href=\"http:\/\/www.malerdeck.de\/blog\/tag\/kundenlob\" target=\"_blank\">Hier klicken<\/a> und Sie kommen zu den Kundenstimmen.<\/p>\n<p style=\"text-align: justify;\">In malerdeck finden Sie f\u00fcr Karlsruhe, Eggenstein und Umgebung endlich den Malerbetrieb, den Sie sich schon immer ertr\u00e4umt haben! Wir verlegen auch Bodenbel\u00e4ge und renovieren Fassaden.<\/p>\n<h3>Die zehn malerdeck-Grunds\u00e4tze f\u00fcr Ihre Betreuung:<\/h3>\n<ol>\n<li style=\"text-align: justify;\">Was wir versprechen, das halten wir auch. Vergessen Sie den Stress mit unp\u00fcnktlichen, unfreundlichen und nachl\u00e4ssigen Handwerkern.<\/li>\n<li style=\"text-align: justify;\">Immer freundlich. Unsere Mitarbeiter sind bestens qualifizierte und sehr freundliche Service-Dienstleister, die sich in Ihren vier W\u00e4nden r\u00fccksichtsvoll bewegen und Ihre Einrichtung pfleglich behandeln. Selbstredend, dass alles sorgf\u00e4ltig abgedeckt wird.<\/li>\n<li style=\"text-align: justify;\">Absolute Zuverl\u00e4ssigkeit. Alle Termine erhalten Sie bei von uns schriftlich best\u00e4tigt. Und genau so werden sie auch eingehalten.<\/li>\n<li style=\"text-align: justify;\">Erlebnisberatung nach Ihren W\u00fcnschen. F\u00fcr Sie machen wir Ihr Wohnumfeld zum pers\u00f6nlichen Wohlf\u00fchl-Unikat.<\/li>\n<li style=\"text-align: justify;\">Verwendung umweltfreundlicher Materialien. Ihre Gesundheit ist uns sehr wichtig.<\/li>\n<li style=\"text-align: justify;\">F\u00fcr Sie erledigen wir auch allerkleinste Auftr\u00e4ge. Wenn niemand kommt, wir kommen bestimmt.<\/li>\n<li style=\"text-align: justify;\">Schriftliches Angebot mit Festpreis-Garantie. Nach sp\u00e4testens drei Tagen ist das Angebot bei Ihnen. Pr\u00e4zise beschrieben und \u00fcbersichtlich aufgestellt.<\/li>\n<li style=\"text-align: justify;\">Aus- und Einr\u00e4umen, putzen und saugen. Das l\u00e4stige \u201cDrumherum\u201d \u00fcberlassen Sie einfach uns.<\/li>\n<li style=\"text-align: justify;\">Wir koordinieren, Sie jubilieren. \u201cHand-in-Hand-Service\u201d aller bei Ihnen erforderlichen Handwerksleistungen.<\/li>\n<li style=\"text-align: justify;\">Auf Wunsch arbeiten wir samstags, sonntags, nachts, wann immer es Ihnen passt (und es das Gewerbeaufsichtsamt erlaubt).<\/li>\n<\/ol>\n<p style=\"text-align: justify;\">Der Beweis durch Auszeichnungen: malerdeck wurde f\u00fcr seinen vorbildlichen Kundenservice mehrfach ausgezeichnet, u.a. \u201cDeutscher Handwerkspreis\u201d und \u201cFAZ-Managementpreis\u201d der Frankfurter Allgemeinen Zeitung. Viele Zeitungen, Stern, Focus und die BILD-Zeitung haben \u00fcber unseren musterg\u00fcltigen Kundenservice berichtet. Einmalig in Deutschland.<\/p>\n<p style=\"text-align: justify;\">Vereinbaren Sie unter 0721 &#8211; 40 24 62 90 Ihren pers\u00f6nlichen Verw\u00f6hntermin zum \u201cSch\u00f6ner Wohnen\u201d. Wenn Sie uns heute noch anrufen, sind wir schon morgen bei Ihnen. Versprochen ist versprochen!<\/p>\n<div id=\"attachment_3944\" style=\"width: 525px\" class=\"wp-caption aligncenter\"><a href=\"http:\/\/www.malerdeck.de\/blog\/category\/urlaubsrenovierung\" target=\"_blank\"><img loading=\"lazy\" decoding=\"async\" aria-describedby=\"caption-attachment-3944\" class=\"size-full wp-image-3944\" title=\"Blog-Urlaubsrenovierung\" src=\"http:\/\/www.malerdeck.de\/blog\/wp-content\/uploads\/2012\/02\/Blog-Urlaubsrenovierung.jpg\" alt=\"\" width=\"515\" height=\"328\" srcset=\"https:\/\/www.malerdeck.de\/blog\/wp-content\/uploads\/2012\/02\/Blog-Urlaubsrenovierung.jpg 515w, https:\/\/www.malerdeck.de\/blog\/wp-content\/uploads\/2012\/02\/Blog-Urlaubsrenovierung-300x191.jpg 300w\" sizes=\"auto, (max-width: 515px) 100vw, 515px\" \/><\/a><p id=\"caption-attachment-3944\" class=\"wp-caption-text\">Urlaubsrenovierung nutzen viele Kunden<\/p><\/div>\n<div id=\"attachment_3945\" style=\"width: 537px\" class=\"wp-caption aligncenter\"><a href=\"http:\/\/www.malerdeck.de\/blog\/tag\/kundenlob\" target=\"_blank\"><img loading=\"lazy\" decoding=\"async\" aria-describedby=\"caption-attachment-3945\" class=\"size-full wp-image-3945\" title=\"Inge-Karl\" src=\"http:\/\/www.malerdeck.de\/blog\/wp-content\/uploads\/2012\/02\/Inge-Karl.jpg\" alt=\"\" width=\"527\" height=\"208\" srcset=\"https:\/\/www.malerdeck.de\/blog\/wp-content\/uploads\/2012\/02\/Inge-Karl.jpg 527w, https:\/\/www.malerdeck.de\/blog\/wp-content\/uploads\/2012\/02\/Inge-Karl-300x118.jpg 300w\" sizes=\"auto, (max-width: 527px) 100vw, 527px\" \/><\/a><p id=\"caption-attachment-3945\" class=\"wp-caption-text\">Bei Inge und Karl B. haben wir tats\u00e4chlich gearbeitet<\/p><\/div>\n<div id=\"attachment_3946\" style=\"width: 537px\" class=\"wp-caption aligncenter\"><a href=\"http:\/\/www.malerdeck.de\/blog\/tag\/kundenlob\" target=\"_blank\"><img loading=\"lazy\" decoding=\"async\" aria-describedby=\"caption-attachment-3946\" class=\"size-full wp-image-3946\" title=\"Gerda-Horst\" src=\"http:\/\/www.malerdeck.de\/blog\/wp-content\/uploads\/2012\/02\/Gerda-Horst.jpg\" alt=\"\" width=\"527\" height=\"220\" srcset=\"https:\/\/www.malerdeck.de\/blog\/wp-content\/uploads\/2012\/02\/Gerda-Horst.jpg 527w, https:\/\/www.malerdeck.de\/blog\/wp-content\/uploads\/2012\/02\/Gerda-Horst-300x125.jpg 300w\" sizes=\"auto, (max-width: 527px) 100vw, 527px\" \/><\/a><p id=\"caption-attachment-3946\" class=\"wp-caption-text\">Auch Gerda und Horst D. sind echte Kunden<\/p><\/div>\n<div id=\"attachment_3947\" style=\"width: 537px\" class=\"wp-caption aligncenter\"><a href=\"http:\/\/www.malerdeck.de\/blog\/tag\/kundenlob\" target=\"_blank\"><img loading=\"lazy\" decoding=\"async\" aria-describedby=\"caption-attachment-3947\" class=\"size-full wp-image-3947\" title=\"Mama\" src=\"http:\/\/www.malerdeck.de\/blog\/wp-content\/uploads\/2012\/02\/Mama.jpg\" alt=\"\" width=\"527\" height=\"205\" srcset=\"https:\/\/www.malerdeck.de\/blog\/wp-content\/uploads\/2012\/02\/Mama.jpg 527w, https:\/\/www.malerdeck.de\/blog\/wp-content\/uploads\/2012\/02\/Mama-300x116.jpg 300w\" sizes=\"auto, (max-width: 527px) 100vw, 527px\" \/><\/a><p id=\"caption-attachment-3947\" class=\"wp-caption-text\">Ebenfalls eine echte und begeisterte malerdeck-Kundin: Erna D.<\/p><\/div>\n<div id=\"attachment_3948\" style=\"width: 536px\" class=\"wp-caption aligncenter\"><a href=\"http:\/\/www.malerdeck.de\/blog\/tag\/kundenlob\" target=\"_blank\"><img loading=\"lazy\" decoding=\"async\" aria-describedby=\"caption-attachment-3948\" class=\"size-full wp-image-3948\" title=\"Hildegard\" src=\"http:\/\/www.malerdeck.de\/blog\/wp-content\/uploads\/2012\/02\/Hildegard.jpg\" alt=\"\" width=\"526\" height=\"194\" srcset=\"https:\/\/www.malerdeck.de\/blog\/wp-content\/uploads\/2012\/02\/Hildegard.jpg 526w, https:\/\/www.malerdeck.de\/blog\/wp-content\/uploads\/2012\/02\/Hildegard-300x110.jpg 300w\" sizes=\"auto, (max-width: 526px) 100vw, 526px\" \/><\/a><p id=\"caption-attachment-3948\" class=\"wp-caption-text\">Hildegard H., auch sie eine Kundin, bei der wir arbeiteten<\/p><\/div>\n","protected":false},"excerpt":{"rendered":"<p>Freundlich, p\u00fcnktlich, h\u00f6flich, sauber, zuverl\u00e4ssig Haben Sie schon einmal von einem Maler getr\u00e4umt? malerdeck ist DER Privatmaler und spezialisiert auf Renovierungen. Wir arbeiten ausschlie\u00dflich f\u00fcr Privatkunden in bewohnten Wohnungen und H\u00e4usern. Die H\u00f6flichkeit unserer Mitarbeiter und der sorgsame und pflegliche Umgang mit Ihrem Eigentum ist sprichw\u00f6rtlich. P\u00fcnktliche Maler- und Bodenbelagsarbeiten. Best\u00e4tigt durch hunderte Referenzen zufriedener [&hellip;]<\/p>\n","protected":false},"author":2,"featured_media":0,"parent":0,"menu_order":2,"comment_status":"closed","ping_status":"closed","template":"","meta":{"footnotes":""},"class_list":["post-3904","page","type-page","status-publish","hentry"],"_links":{"self":[{"href":"https:\/\/www.malerdeck.de\/blog\/wp-json\/wp\/v2\/pages\/3904","targetHints":{"allow":["GET"]}}],"collection":[{"href":"https:\/\/www.malerdeck.de\/blog\/wp-json\/wp\/v2\/pages"}],"about":[{"href":"https:\/\/www.malerdeck.de\/blog\/wp-json\/wp\/v2\/types\/page"}],"author":[{"embeddable":true,"href":"https:\/\/www.malerdeck.de\/blog\/wp-json\/wp\/v2\/users\/2"}],"replies":[{"embeddable":true,"href":"https:\/\/www.malerdeck.de\/blog\/wp-json\/wp\/v2\/comments?post=3904"}],"version-history":[{"count":31,"href":"https:\/\/www.malerdeck.de\/blog\/wp-json\/wp\/v2\/pages\/3904\/revisions"}],"predecessor-version":[{"id":26496,"href":"https:\/\/www.malerdeck.de\/blog\/wp-json\/wp\/v2\/pages\/3904\/revisions\/26496"}],"wp:attachment":[{"href":"https:\/\/www.malerdeck.de\/blog\/wp-json\/wp\/v2\/media?parent=3904"}],"curies":[{"name":"wp","href":"https:\/\/api.w.org\/{rel}","templated":true}]}}